{"id":38,"date":"2018-08-20T12:39:47","date_gmt":"2018-08-20T10:39:47","guid":{"rendered":"http:\/\/clickfrog.net\/testserver\/krinn\/?page_id=38"},"modified":"2018-08-20T12:39:47","modified_gmt":"2018-08-20T10:39:47","slug":"impressum","status":"publish","type":"page","link":"https:\/\/www.steuerbuero-krinn.de\/?page_id=38","title":{"rendered":"Impressum"},"content":{"rendered":"<p class=\"fliesstxt\">Dagmar Krinn<br \/>\nUntere Clignetstrasse 4 | 68167 Mannheim<br \/>\nTel. 0621 \/ 33 61 380 | Fax 0621 \/ 33 61 381<br \/>\n<a class=\"links\" href=\"mailto:info@steuerbuero-krinn.de\" target=\"_blank\" rel=\"noopener\">info@steuerbuero-krinn.de<\/a><br \/>\n<a class=\"links\" href=\"https:\/\/www.steuerbuero-krinn.de\/\" target=\"_blank\" rel=\"noopener\">www.steuerbuero-krinn.de<\/a><\/p>\n<p class=\"fliesstxt\">Umsatzsteuer-Identifikationsnummer<br \/>\ngem\u00e4\u00df \u00a7 27 a Umsatzsteuergesetz: DE 811832877<br \/>\nInhaltlich Verantwortlicher gem\u00e4\u00df \u00a7 10 Absatz 3 MDStV:<br \/>\nDagmar Krinn (Anschrift wie oben)<\/p>\n<p class=\"fliesstxt\"><strong>Haftungsausschluss<\/strong><\/p>\n<p class=\"fliesstxt\">Mit Urteil vom 12. Mai 1998 hat das Landgericht Hamburg entschieden, dass mit Ausbringung eines Links die Inhalte der gelinkten Seite ggf. mit zu verantworten sind. Dies kann &#8211; so das LG &#8211; nur dadurch verhindert werden, dass man sich von diesen Inhalten ausdr\u00fccklich distanziert. Wir haben zu anderen Seiten im Internet verlinkt.<\/p>\n<p class=\"fliesstxt\">F\u00fcr alle diese Links gilt: &#8222;Wir betonen, dass wir keinerlei Einfluss auf die Inhalte oder die Gestaltung der gelinkten Seiten haben. Deshalb distanzieren wir uns hiermit ausdr\u00fccklich von allen Inhalten aller Seiten, die von unseren Seiten verlinkt sind. Die Inhalte dieser Seiten machen wir uns nicht zu Eigen. Diese Erkl\u00e4rung gilt f\u00fcr alle auf unseren Seiten angebrachten Links und f\u00fcr die Inhalte aller Seiten, zu denen die angebrachten Links f\u00fchren.&#8220;<\/p>\n<p class=\"fliesstxt\">\n<strong>Berufsrechtliche Regelungen<\/strong><\/p>\n<p class=\"fliesstxt\">Die Berufsbezeichnung Steuerberaterin wurde mir vom Bundesland Baden-W\u00fcrttemberg verliehen.<\/p>\n<p class=\"fliesstxt\">Ich bin Mitglied der Steuerberaterkammer Nordbaden. Der Berufsstand der Steuerberater unterliegt im Wesentlichen den nachstehenden berufsrechtlichen Regelungen: Steuerberatungsgesetz (StBerG), Durchf\u00fchrungsverordnung zum Steuerberatungsgesetz (DVStB), Berufsordnung (BOStB), Steuerberatergeb\u00fchrenverordnung (StBGebV).<\/p>\n<p class=\"fliesstxt\">Die berufsrechtlichen Regelungen k\u00f6nnen bei der zust\u00e4ndigen Steuerberaterkammer Nordbaden, Kammergesch\u00e4ftsstelle: Vangerowstr. 16\/1, 69115 Heidelberg, Telefon: 06221-183077 oder<br \/>\nemail:\u00a0<a class=\"links\" href=\"mailto:post@stbk-nordbaden.de\" target=\"_blank\" rel=\"noopener\">post@stbk-nordbaden.de<\/a>\u00a0eingesehen werden.<\/p>\n","protected":false},"excerpt":{"rendered":"<p>Dagmar Krinn Untere Clignetstrasse 4 | 68167 Mannheim Tel. 0621 \/ 33 61 380 | Fax 0621 \/ 33 61 381 info@steuerbuero-krinn.de www.steuerbuero-krinn.de Umsatzsteuer-Identifikationsnummer gem\u00e4\u00df \u00a7 27 a Umsatzsteuergesetz: DE 811832877 Inhaltlich Verantwortlicher gem\u00e4\u00df \u00a7 10 Absatz 3 MDStV: Dagmar Krinn (Anschrift wie oben) Haftungsausschluss Mit Urteil vom 12. Mai 1998 hat das Landgericht Hamburg &hellip; <\/p>\n<p class=\"link-more\"><a href=\"https:\/\/www.steuerbuero-krinn.de\/?page_id=38\" class=\"more-link\"><span class=\"screen-reader-text\">\u201eImpressum\u201c <\/span>weiterlesen<\/a><\/p>\n","protected":false},"author":1,"featured_media":0,"parent":0,"menu_order":0,"comment_status":"closed","ping_status":"closed","template":"","meta":{"footnotes":""},"class_list":["post-38","page","type-page","status-publish","hentry"],"_links":{"self":[{"href":"https:\/\/www.steuerbuero-krinn.de\/index.php?rest_route=\/wp\/v2\/pages\/38","targetHints":{"allow":["GET"]}}],"collection":[{"href":"https:\/\/www.steuerbuero-krinn.de\/index.php?rest_route=\/wp\/v2\/pages"}],"about":[{"href":"https:\/\/www.steuerbuero-krinn.de\/index.php?rest_route=\/wp\/v2\/types\/page"}],"author":[{"embeddable":true,"href":"https:\/\/www.steuerbuero-krinn.de\/index.php?rest_route=\/wp\/v2\/users\/1"}],"replies":[{"embeddable":true,"href":"https:\/\/www.steuerbuero-krinn.de\/index.php?rest_route=%2Fwp%2Fv2%2Fcomments&post=38"}],"version-history":[{"count":0,"href":"https:\/\/www.steuerbuero-krinn.de\/index.php?rest_route=\/wp\/v2\/pages\/38\/revisions"}],"wp:attachment":[{"href":"https:\/\/www.steuerbuero-krinn.de\/index.php?rest_route=%2Fwp%2Fv2%2Fmedia&parent=38"}],"curies":[{"name":"wp","href":"https:\/\/api.w.org\/{rel}","templated":true}]}}