{"id":86,"date":"2018-10-30T10:03:19","date_gmt":"2018-10-30T09:03:19","guid":{"rendered":"http:\/\/clickfrog.net\/testserver\/krinn\/?page_id=86"},"modified":"2018-10-30T10:03:19","modified_gmt":"2018-10-30T09:03:19","slug":"leistungen-2","status":"publish","type":"page","link":"https:\/\/www.steuerbuero-krinn.de\/","title":{"rendered":"Leistungen"},"content":{"rendered":"<p class=\"fliesstxt\">Mein Steuerb\u00fcro bietet in erster Linie Steuererkl\u00e4rungen und Jahresabschl\u00fcsse an.<\/p>\n<p class=\"fliesstxt\">Selbstverst\u00e4ndlich biete ich auch gerne reine Beratung an.<\/p>\n<p class=\"fliesstxt\">F\u00fcr Gehaltsabrechnungen und Finanzbuchhaltungen habe ich zwei kompetente Buchhalterinnen, welche diese Leistungen in eigener Regie anbieten.<\/p>\n<p class=\"fliesstxt\">Um\u00a0 meinen Mandanten den bestm\u00f6glichen Service zu bieten, habe ich mich auf folgende Gebiete und Gruppen spezialisiert:<\/p>\n<p class=\"fliesstxt\">&#8211; Freiberufler,<br \/>\n&#8211; kleine GmbHs und<br \/>\n&#8211; Gewerbetreibende.<\/p>\n<p class=\"fliesstxt\">Mein besonderes Interesse gilt hierbei den Existenzgr\u00fcndern.<\/p>\n<p class=\"fliesstxt\">Zu meinen Kunden z\u00e4hlen Dienstleister aller Art, \u00c4rzte,<br \/>\nIngenieure, Grafiker, der EDV-Bereich und Rechtsanw\u00e4lte.<\/p>\n<p>Ich betreue keine Vereine und keine Unternehmen in Form der Limited.<\/p>\n","protected":false},"excerpt":{"rendered":"<p>Mein Steuerb\u00fcro bietet in erster Linie Steuererkl\u00e4rungen und Jahresabschl\u00fcsse an. Selbstverst\u00e4ndlich biete ich auch gerne reine Beratung an. F\u00fcr Gehaltsabrechnungen und Finanzbuchhaltungen habe ich zwei kompetente Buchhalterinnen, welche diese Leistungen in eigener Regie anbieten. Um\u00a0 meinen Mandanten den bestm\u00f6glichen Service zu bieten, habe ich mich auf folgende Gebiete und Gruppen spezialisiert: &#8211; Freiberufler, &#8211; kleine &hellip; <\/p>\n<p class=\"link-more\"><a href=\"https:\/\/www.steuerbuero-krinn.de\/\" class=\"more-link\"><span class=\"screen-reader-text\">\u201eLeistungen\u201c <\/span>weiterlesen<\/a><\/p>\n","protected":false},"author":1,"featured_media":0,"parent":0,"menu_order":0,"comment_status":"closed","ping_status":"closed","template":"","meta":{"footnotes":""},"class_list":["post-86","page","type-page","status-publish","hentry"],"_links":{"self":[{"href":"https:\/\/www.steuerbuero-krinn.de\/index.php?rest_route=\/wp\/v2\/pages\/86","targetHints":{"allow":["GET"]}}],"collection":[{"href":"https:\/\/www.steuerbuero-krinn.de\/index.php?rest_route=\/wp\/v2\/pages"}],"about":[{"href":"https:\/\/www.steuerbuero-krinn.de\/index.php?rest_route=\/wp\/v2\/types\/page"}],"author":[{"embeddable":true,"href":"https:\/\/www.steuerbuero-krinn.de\/index.php?rest_route=\/wp\/v2\/users\/1"}],"replies":[{"embeddable":true,"href":"https:\/\/www.steuerbuero-krinn.de\/index.php?rest_route=%2Fwp%2Fv2%2Fcomments&post=86"}],"version-history":[{"count":0,"href":"https:\/\/www.steuerbuero-krinn.de\/index.php?rest_route=\/wp\/v2\/pages\/86\/revisions"}],"wp:attachment":[{"href":"https:\/\/www.steuerbuero-krinn.de\/index.php?rest_route=%2Fwp%2Fv2%2Fmedia&parent=86"}],"curies":[{"name":"wp","href":"https:\/\/api.w.org\/{rel}","templated":true}]}}